{"id":26,"date":"2021-06-08T11:12:47","date_gmt":"2021-06-08T11:12:47","guid":{"rendered":"https:\/\/www.bigorreinhell.fr\/?page_id=26"},"modified":"2023-11-04T13:06:13","modified_gmt":"2023-11-04T13:06:13","slug":"dons-adhesions","status":"publish","type":"page","link":"https:\/\/www.bigorreinhell.fr\/?page_id=26","title":{"rendered":"Adh\u00e9sions &#038; Dons"},"content":{"rendered":"<div class=\"wp-block-image\">\n<figure class=\"aligncenter size-full\"><img data-recalc-dims=\"1\" loading=\"lazy\" decoding=\"async\" width=\"275\" height=\"383\" src=\"https:\/\/i0.wp.com\/www.bigorreinhell.fr\/wp\/wp-content\/uploads\/2021\/09\/Visuel-Adhesions.jpg?resize=275%2C383&#038;ssl=1\" alt=\"\" class=\"wp-image-777\" srcset=\"https:\/\/i0.wp.com\/www.bigorreinhell.fr\/wp\/wp-content\/uploads\/2021\/09\/Visuel-Adhesions.jpg?w=275&amp;ssl=1 275w, https:\/\/i0.wp.com\/www.bigorreinhell.fr\/wp\/wp-content\/uploads\/2021\/09\/Visuel-Adhesions.jpg?resize=215%2C300&amp;ssl=1 215w\" sizes=\"auto, (max-width: 275px) 100vw, 275px\" \/><\/figure>\n<\/div>\n\n\n<h2 class=\"wp-block-heading\">Devenir membre chez Bigorre In Hell c&rsquo;est :<\/h2>\n\n\n\n<ul class=\"wp-block-list\">\n<li>Avant tout, soutenir financi\u00e8rement une association qui se bouge pour mettre en avant nos groupes de Metal et Rock Fran\u00e7ais.<\/li>\n\n\n\n<li>2 boissons offertes \u00e0 chacun de nos \u00e9v\u00e9nements<\/li>\n\n\n\n<li>Participer et soumettre vos id\u00e9es \u00e0 L&rsquo;Assembl\u00e9e G\u00e9n\u00e9rale qui se tiendra chaque ann\u00e9e<\/li>\n\n\n\n<li>Suivre l&rsquo;avanc\u00e9e du projet avant les autres<\/li>\n<\/ul>\n\n\n\n<h4 class=\"wp-block-heading\">L&rsquo;adh\u00e9sion est valable jusqu&rsquo;au 31 d\u00e9cembre 2024 !<\/h4>\n\n\n\n<div class=\"wp-block-buttons is-layout-flex wp-block-buttons-is-layout-flex\">\n<div class=\"wp-block-button\"><a class=\"wp-block-button__link wp-element-button\" href=\"https:\/\/bigorre-in-hell-production.s2.yapla.com\/fr\/espace-membres\" target=\"_blank\" rel=\"external noopener\">Adh\u00e9sion en ligne<\/a><\/div>\n<\/div>\n\n\n\n<p>Et pour faire un don libre \u00e0 <strong>Bigorre In Hell Production<\/strong> : <\/p>\n\n\n\n<div class=\"wp-block-buttons is-layout-flex wp-block-buttons-is-layout-flex\">\n<div class=\"wp-block-button\"><a class=\"wp-block-button__link wp-element-button\" href=\"https:\/\/bigorre-in-hell-production.s2.yapla.com\/fr\/campaign-3181\" target=\"_blank\" rel=\"noreferrer noopener\">Dons en ligne<\/a><\/div>\n<\/div>\n\n\n\n<p><\/p>\n","protected":false},"excerpt":{"rendered":"<p>Devenir membre chez Bigorre In Hell c&rsquo;est : L&rsquo;adh\u00e9sion est valable jusqu&rsquo;au 31 d\u00e9cembre 2024 ! Et pour faire un don libre \u00e0 Bigorre In Hell Production :<\/p>\n","protected":false},"author":1,"featured_media":0,"parent":0,"menu_order":2,"comment_status":"closed","ping_status":"closed","template":"","meta":{"footnotes":""},"class_list":["post-26","page","type-page","status-publish","hentry"],"yoast_head":"<!-- This site is optimized with the Yoast SEO plugin v27.5 - https:\/\/yoast.com\/product\/yoast-seo-wordpress\/ -->\n<title>Adh\u00e9sions &amp; Dons - Bigorre in Hell<\/title>\n<meta name=\"description\" content=\"Soutenez la sc\u00e8ne fran\u00e7aise en contribuant par une adh\u00e9sion et\/ou un don\" \/>\n<meta name=\"robots\" content=\"index, follow, max-snippet:-1, max-image-preview:large, max-video-preview:-1\" \/>\n<link rel=\"canonical\" href=\"https:\/\/www.bigorreinhell.fr\/?page_id=26\" \/>\n<meta property=\"og:locale\" content=\"fr_FR\" \/>\n<meta property=\"og:type\" content=\"article\" \/>\n<meta property=\"og:title\" content=\"Adh\u00e9sions &amp; Dons - Bigorre in Hell\" \/>\n<meta property=\"og:description\" content=\"Soutenez la sc\u00e8ne fran\u00e7aise en contribuant par une adh\u00e9sion et\/ou un don\" \/>\n<meta property=\"og:url\" content=\"https:\/\/www.bigorreinhell.fr\/?page_id=26\" \/>\n<meta property=\"og:site_name\" content=\"Bigorre in Hell\" \/>\n<meta property=\"article:modified_time\" content=\"2023-11-04T13:06:13+00:00\" \/>\n<meta property=\"og:image\" content=\"https:\/\/www.bigorreinhell.fr\/wp\/wp-content\/uploads\/2021\/09\/Visuel-Adhesions.jpg\" \/>\n<meta name=\"twitter:card\" content=\"summary_large_image\" \/>\n<meta name=\"twitter:label1\" content=\"Dur\u00e9e de lecture estim\u00e9e\" \/>\n\t<meta name=\"twitter:data1\" content=\"1 minute\" \/>\n<script type=\"application\/ld+json\" class=\"yoast-schema-graph\">{\"@context\":\"https:\\\/\\\/schema.org\",\"@graph\":[{\"@type\":\"WebPage\",\"@id\":\"https:\\\/\\\/www.bigorreinhell.fr\\\/?page_id=26\",\"url\":\"https:\\\/\\\/www.bigorreinhell.fr\\\/?page_id=26\",\"name\":\"Adh\u00e9sions & Dons - Bigorre in Hell\",\"isPartOf\":{\"@id\":\"https:\\\/\\\/www.bigorreinhell.fr\\\/#website\"},\"primaryImageOfPage\":{\"@id\":\"https:\\\/\\\/www.bigorreinhell.fr\\\/?page_id=26#primaryimage\"},\"image\":{\"@id\":\"https:\\\/\\\/www.bigorreinhell.fr\\\/?page_id=26#primaryimage\"},\"thumbnailUrl\":\"https:\\\/\\\/www.bigorreinhell.fr\\\/wp\\\/wp-content\\\/uploads\\\/2021\\\/09\\\/Visuel-Adhesions.jpg\",\"datePublished\":\"2021-06-08T11:12:47+00:00\",\"dateModified\":\"2023-11-04T13:06:13+00:00\",\"description\":\"Soutenez la sc\u00e8ne fran\u00e7aise en contribuant par une adh\u00e9sion et\\\/ou un don\",\"breadcrumb\":{\"@id\":\"https:\\\/\\\/www.bigorreinhell.fr\\\/?page_id=26#breadcrumb\"},\"inLanguage\":\"fr-FR\",\"potentialAction\":[{\"@type\":\"ReadAction\",\"target\":[\"https:\\\/\\\/www.bigorreinhell.fr\\\/?page_id=26\"]}]},{\"@type\":\"ImageObject\",\"inLanguage\":\"fr-FR\",\"@id\":\"https:\\\/\\\/www.bigorreinhell.fr\\\/?page_id=26#primaryimage\",\"url\":\"https:\\\/\\\/i0.wp.com\\\/www.bigorreinhell.fr\\\/wp\\\/wp-content\\\/uploads\\\/2021\\\/09\\\/Visuel-Adhesions.jpg?fit=275%2C383&ssl=1\",\"contentUrl\":\"https:\\\/\\\/i0.wp.com\\\/www.bigorreinhell.fr\\\/wp\\\/wp-content\\\/uploads\\\/2021\\\/09\\\/Visuel-Adhesions.jpg?fit=275%2C383&ssl=1\",\"width\":275,\"height\":383},{\"@type\":\"BreadcrumbList\",\"@id\":\"https:\\\/\\\/www.bigorreinhell.fr\\\/?page_id=26#breadcrumb\",\"itemListElement\":[{\"@type\":\"ListItem\",\"position\":1,\"name\":\"Accueil\",\"item\":\"https:\\\/\\\/www.bigorreinhell.fr\\\/\"},{\"@type\":\"ListItem\",\"position\":2,\"name\":\"Adh\u00e9sions &#038; Dons\"}]},{\"@type\":\"WebSite\",\"@id\":\"https:\\\/\\\/www.bigorreinhell.fr\\\/#website\",\"url\":\"https:\\\/\\\/www.bigorreinhell.fr\\\/\",\"name\":\"Bigorre in Hell\",\"description\":\"Programmation et diffusion de metal fran\u00e7ais\",\"potentialAction\":[{\"@type\":\"SearchAction\",\"target\":{\"@type\":\"EntryPoint\",\"urlTemplate\":\"https:\\\/\\\/www.bigorreinhell.fr\\\/?s={search_term_string}\"},\"query-input\":{\"@type\":\"PropertyValueSpecification\",\"valueRequired\":true,\"valueName\":\"search_term_string\"}}],\"inLanguage\":\"fr-FR\"}]}<\/script>\n<!-- \/ Yoast SEO plugin. -->","yoast_head_json":{"title":"Adh\u00e9sions & Dons - Bigorre in Hell","description":"Soutenez la sc\u00e8ne fran\u00e7aise en contribuant par une adh\u00e9sion et\/ou un don","robots":{"index":"index","follow":"follow","max-snippet":"max-snippet:-1","max-image-preview":"max-image-preview:large","max-video-preview":"max-video-preview:-1"},"canonical":"https:\/\/www.bigorreinhell.fr\/?page_id=26","og_locale":"fr_FR","og_type":"article","og_title":"Adh\u00e9sions & Dons - Bigorre in Hell","og_description":"Soutenez la sc\u00e8ne fran\u00e7aise en contribuant par une adh\u00e9sion et\/ou un don","og_url":"https:\/\/www.bigorreinhell.fr\/?page_id=26","og_site_name":"Bigorre in Hell","article_modified_time":"2023-11-04T13:06:13+00:00","og_image":[{"url":"https:\/\/www.bigorreinhell.fr\/wp\/wp-content\/uploads\/2021\/09\/Visuel-Adhesions.jpg","type":"","width":"","height":""}],"twitter_card":"summary_large_image","twitter_misc":{"Dur\u00e9e de lecture estim\u00e9e":"1 minute"},"schema":{"@context":"https:\/\/schema.org","@graph":[{"@type":"WebPage","@id":"https:\/\/www.bigorreinhell.fr\/?page_id=26","url":"https:\/\/www.bigorreinhell.fr\/?page_id=26","name":"Adh\u00e9sions & Dons - Bigorre in Hell","isPartOf":{"@id":"https:\/\/www.bigorreinhell.fr\/#website"},"primaryImageOfPage":{"@id":"https:\/\/www.bigorreinhell.fr\/?page_id=26#primaryimage"},"image":{"@id":"https:\/\/www.bigorreinhell.fr\/?page_id=26#primaryimage"},"thumbnailUrl":"https:\/\/www.bigorreinhell.fr\/wp\/wp-content\/uploads\/2021\/09\/Visuel-Adhesions.jpg","datePublished":"2021-06-08T11:12:47+00:00","dateModified":"2023-11-04T13:06:13+00:00","description":"Soutenez la sc\u00e8ne fran\u00e7aise en contribuant par une adh\u00e9sion et\/ou un don","breadcrumb":{"@id":"https:\/\/www.bigorreinhell.fr\/?page_id=26#breadcrumb"},"inLanguage":"fr-FR","potentialAction":[{"@type":"ReadAction","target":["https:\/\/www.bigorreinhell.fr\/?page_id=26"]}]},{"@type":"ImageObject","inLanguage":"fr-FR","@id":"https:\/\/www.bigorreinhell.fr\/?page_id=26#primaryimage","url":"https:\/\/i0.wp.com\/www.bigorreinhell.fr\/wp\/wp-content\/uploads\/2021\/09\/Visuel-Adhesions.jpg?fit=275%2C383&ssl=1","contentUrl":"https:\/\/i0.wp.com\/www.bigorreinhell.fr\/wp\/wp-content\/uploads\/2021\/09\/Visuel-Adhesions.jpg?fit=275%2C383&ssl=1","width":275,"height":383},{"@type":"BreadcrumbList","@id":"https:\/\/www.bigorreinhell.fr\/?page_id=26#breadcrumb","itemListElement":[{"@type":"ListItem","position":1,"name":"Accueil","item":"https:\/\/www.bigorreinhell.fr\/"},{"@type":"ListItem","position":2,"name":"Adh\u00e9sions &#038; Dons"}]},{"@type":"WebSite","@id":"https:\/\/www.bigorreinhell.fr\/#website","url":"https:\/\/www.bigorreinhell.fr\/","name":"Bigorre in Hell","description":"Programmation et diffusion de metal fran\u00e7ais","potentialAction":[{"@type":"SearchAction","target":{"@type":"EntryPoint","urlTemplate":"https:\/\/www.bigorreinhell.fr\/?s={search_term_string}"},"query-input":{"@type":"PropertyValueSpecification","valueRequired":true,"valueName":"search_term_string"}}],"inLanguage":"fr-FR"}]}},"jetpack_sharing_enabled":true,"_links":{"self":[{"href":"https:\/\/www.bigorreinhell.fr\/index.php?rest_route=\/wp\/v2\/pages\/26","targetHints":{"allow":["GET"]}}],"collection":[{"href":"https:\/\/www.bigorreinhell.fr\/index.php?rest_route=\/wp\/v2\/pages"}],"about":[{"href":"https:\/\/www.bigorreinhell.fr\/index.php?rest_route=\/wp\/v2\/types\/page"}],"author":[{"embeddable":true,"href":"https:\/\/www.bigorreinhell.fr\/index.php?rest_route=\/wp\/v2\/users\/1"}],"replies":[{"embeddable":true,"href":"https:\/\/www.bigorreinhell.fr\/index.php?rest_route=%2Fwp%2Fv2%2Fcomments&post=26"}],"version-history":[{"count":19,"href":"https:\/\/www.bigorreinhell.fr\/index.php?rest_route=\/wp\/v2\/pages\/26\/revisions"}],"predecessor-version":[{"id":1038,"href":"https:\/\/www.bigorreinhell.fr\/index.php?rest_route=\/wp\/v2\/pages\/26\/revisions\/1038"}],"wp:attachment":[{"href":"https:\/\/www.bigorreinhell.fr\/index.php?rest_route=%2Fwp%2Fv2%2Fmedia&parent=26"}],"curies":[{"name":"wp","href":"https:\/\/api.w.org\/{rel}","templated":true}]}}