{"id":485,"date":"2021-08-04T10:57:26","date_gmt":"2021-08-04T10:57:26","guid":{"rendered":"https:\/\/www.bigorreinhell.fr\/?page_id=485"},"modified":"2021-11-25T07:13:07","modified_gmt":"2021-11-25T07:13:07","slug":"partenaires","status":"publish","type":"page","link":"https:\/\/www.bigorreinhell.fr\/?page_id=485","title":{"rendered":"PARTENAIRES"},"content":{"rendered":"\n<h2 class=\"has-text-align-center wp-block-heading\"><strong>Litha Films<\/strong><\/h2>\n\n\n\n<div class=\"wp-block-image\"><figure class=\"aligncenter size-large is-resized\"><img data-recalc-dims=\"1\" loading=\"lazy\" decoding=\"async\" src=\"https:\/\/i0.wp.com\/www.bigorreinhell.fr\/wp\/wp-content\/uploads\/2021\/09\/Logo-Litha-Films.png?resize=512%2C352&#038;ssl=1\" alt=\"\" class=\"wp-image-786\" width=\"512\" height=\"352\" srcset=\"https:\/\/i0.wp.com\/www.bigorreinhell.fr\/wp\/wp-content\/uploads\/2021\/09\/Logo-Litha-Films.png?resize=1024%2C703&amp;ssl=1 1024w, https:\/\/i0.wp.com\/www.bigorreinhell.fr\/wp\/wp-content\/uploads\/2021\/09\/Logo-Litha-Films.png?resize=300%2C206&amp;ssl=1 300w, https:\/\/i0.wp.com\/www.bigorreinhell.fr\/wp\/wp-content\/uploads\/2021\/09\/Logo-Litha-Films.png?resize=768%2C527&amp;ssl=1 768w, https:\/\/i0.wp.com\/www.bigorreinhell.fr\/wp\/wp-content\/uploads\/2021\/09\/Logo-Litha-Films.png?w=1132&amp;ssl=1 1132w\" sizes=\"auto, (max-width: 512px) 100vw, 512px\" \/><\/figure><\/div>\n\n\n\n<p>Passionn\u00e9e de cin\u00e9ma et musicienne, c\u2019est tout naturellement que l\u2019id\u00e9e de combiner les deux s\u2019est pr\u00e9sent\u00e9e \u00e0 moi. Litha Films c&rsquo;est donc mon projet fra\u00eechement cr\u00e9\u00e9 pour aider les musiciens \u00e0 mettre des images sur leurs notes. Bien que je sois ouverte \u00e0 toute demande\/projet, je m&rsquo;\u00e9panouis surtout dans la r\u00e9alisation de clip de musiques extr\u00eames, avec des codes visuels impactants et travaill\u00e9s. J&rsquo;ai un amour particulier pour le cin\u00e9ma d&rsquo;horreur, les esth\u00e9tiques \u00ab\u00a0dark\u00a0\u00bb et d\u00e9rangeantes et j&rsquo;aspire \u00e0 utiliser ces influences dans mon travail. Je cherche \u00e0 enrichir mon portfolio avec des clips qui me ressemblent et me plaisent, je suis donc ravie de ce partenariat avec Bigorre in Hell, et j&rsquo;esp\u00e8re que notre collaboration fera grandir et s&rsquo;\u00e9panouir nos deux projets !<\/p>\n\n\n\n<p>See you in Hell<\/p>\n\n\n\n<div class=\"wp-block-buttons is-content-justification-center is-layout-flex wp-block-buttons-is-layout-flex\">\n<div class=\"wp-block-button\"><a class=\"wp-block-button__link\" href=\"https:\/\/www.facebook.com\/lithafilms\" target=\"_blank\" rel=\"noreferrer noopener\">Facebook<\/a><\/div>\n\n\n\n<div class=\"wp-block-button\"><a class=\"wp-block-button__link\" href=\"https:\/\/www.instagram.com\/litha.films\/\" target=\"_blank\" rel=\"noreferrer noopener\">Instagram<\/a><\/div>\n\n\n\n<div class=\"wp-block-button\"><a class=\"wp-block-button__link\" href=\"https:\/\/linksight.me\/lithafilms\" target=\"_blank\" rel=\"noreferrer noopener\">Linksight<\/a><\/div>\n<\/div>\n\n\n\n<hr class=\"wp-block-separator\"\/>\n\n\n\n<h2 class=\"has-text-align-center wp-block-heading\">NEO Act&rsquo;<\/h2>\n\n\n\n<figure class=\"wp-block-embed aligncenter is-type-video is-provider-youtube wp-block-embed-youtube wp-embed-aspect-16-9 wp-has-aspect-ratio\"><div class=\"wp-block-embed__wrapper\">\n<iframe loading=\"lazy\" title=\"Activit\u00e9s de NEO Act&#039; (Nature Environment and Outdoor Activities)\" width=\"640\" height=\"360\" src=\"https:\/\/www.youtube.com\/embed\/cwujIdcKU7c?feature=oembed\" frameborder=\"0\" allow=\"accelerometer; autoplay; clipboard-write; encrypted-media; gyroscope; picture-in-picture; web-share\" referrerpolicy=\"strict-origin-when-cross-origin\" allowfullscreen><\/iframe>\n<\/div><\/figure>\n\n\n\n<p>Passionn\u00e9 de sport, de nature et de tout ce qui touche \u00e0 la communication visuelle, au mois de F\u00e9vrier 2021 j&rsquo;ai cr\u00e9\u00e9 mon activit\u00e9<a href=\"https:\/\/johangaspar.com\/neo-act\/\" target=\"_blank\" rel=\"noreferrer noopener\"><strong> NEO Act&rsquo; (Nature, Environment &amp; Outdoor Activities)<\/strong><\/a> afin de rassembler toutes ces activit\u00e9s et surtout m&rsquo;amuser dans mon m\u00e9tier. Pour le coup, il s&rsquo;agit maintenant d&rsquo;allier plusieurs m\u00e9tiers mais qui ont tout de m\u00eame une compl\u00e9mentarit\u00e9 :<\/p>\n\n\n\n<ul class=\"wp-block-list\"><li>De l&rsquo;accompagnement randonn\u00e9e <a href=\"https:\/\/johangaspar.com\/randonnee-pedestre-2\/\" target=\"_blank\" rel=\"noreferrer noopener\"><strong>p\u00e9destre<\/strong> <\/a>et <strong><a href=\"https:\/\/johangaspar.com\/randonnee-vtt\/\" target=\"_blank\" rel=\"noreferrer noopener\">cycliste<\/a><\/strong>, sur des circuits \u00e9labor\u00e9s par mes soins, ou adaptables en fonction des envies de chacun&nbsp;;<\/li><li>Des <strong><a href=\"https:\/\/johangaspar.com\/stages-photo\/\" target=\"_blank\" rel=\"noreferrer noopener\">stages photos animali\u00e8re et de paysages<\/a><\/strong>, pour faire vivre des moments d&rsquo;\u00e9motions intenses, dans la nature et proche d&rsquo;animaux sauvages&nbsp;;<\/li><li>Des activit\u00e9s nature pour sensibiliser les enfants de 4 \u00e0 10 ans \u00e0 la nature et \u00e0 l&rsquo;environnement&nbsp;;<\/li><li>Des prestations<a href=\"https:\/\/johangaspar.com\/portfolio\/\" target=\"_blank\" rel=\"noreferrer noopener\"><strong> vid\u00e9os et photos<\/strong><\/a> pour la promotion de votre entreprise, association, groupe de musique, etc&#8230;<\/li><li>De la photographie \u00ab\u00a0artistique\u00a0\u00bb avec des expos et des <strong><a href=\"https:\/\/johangaspar.com\/product-category\/tirages-photo\/\" target=\"_blank\" rel=\"noreferrer noopener\">ventes de tirages photos animali\u00e8res et de paysages<\/a><\/strong>.<\/li><\/ul>\n\n\n\n<p>Lorsque l&rsquo;association Bigorre In Hell Production m&rsquo;a sollicit\u00e9 pour lui donner un coup de main j&rsquo;ai \u00e9t\u00e9 enchant\u00e9 de pouvoir adh\u00e9rer au projet, en int\u00e9grant la section communication. Je suis donc maintenant le \u00ab&nbsp;fournisseur officiel&nbsp;\u00bb des photos et vid\u00e9os publi\u00e9es par Bigorre in Hell et je suis \u00e9galement en charge de la gestion du site internet.<\/p>\n\n\n\n<p>Retrouvez NEO Act&rsquo; sur les r\u00e9seaux :<\/p>\n\n\n\n<div class=\"wp-block-buttons is-content-justification-center is-layout-flex wp-block-buttons-is-layout-flex\">\n<div class=\"wp-block-button\"><a class=\"wp-block-button__link\" href=\"https:\/\/johangaspar.com\/\">Site Web<\/a><\/div>\n\n\n\n<div class=\"wp-block-button\"><a class=\"wp-block-button__link\" href=\"https:\/\/www.instagram.com\/n.e.o.act\/\" target=\"_blank\" rel=\"noreferrer noopener\">Instagram<\/a><\/div>\n\n\n\n<div class=\"wp-block-button\"><a class=\"wp-block-button__link\" href=\"https:\/\/www.facebook.com\/NEOAct.NatureEnvironnementOutdoorActivities\" target=\"_blank\" rel=\"noreferrer noopener\">Facebook<\/a><\/div>\n\n\n\n<div class=\"wp-block-button\"><a class=\"wp-block-button__link\" href=\"https:\/\/www.youtube.com\/channel\/UC1kSaDg-FmC7itfU_e7WEBA\" target=\"_blank\" rel=\"noreferrer noopener\">YouTube<\/a><\/div>\n<\/div>\n\n\n\n<p><\/p>\n","protected":false},"excerpt":{"rendered":"<p>Litha Films Passionn\u00e9e de cin\u00e9ma et musicienne, c\u2019est tout naturellement que l\u2019id\u00e9e de combiner les deux s\u2019est pr\u00e9sent\u00e9e \u00e0 moi. Litha Films c&rsquo;est donc mon projet fra\u00eechement cr\u00e9\u00e9 pour aider les musiciens \u00e0 mettre des images sur leurs notes. Bien&hellip; <a href=\"https:\/\/www.bigorreinhell.fr\/?page_id=485\" class=\"more-link\">Continuer la lecture <span class=\"meta-nav\">&rarr;<\/span><\/a><\/p>\n","protected":false},"author":1,"featured_media":0,"parent":0,"menu_order":0,"comment_status":"closed","ping_status":"closed","template":"","meta":{"footnotes":""},"class_list":["post-485","page","type-page","status-publish","hentry"],"yoast_head":"<!-- This site is optimized with the Yoast SEO plugin v27.5 - https:\/\/yoast.com\/product\/yoast-seo-wordpress\/ -->\n<title>PARTENAIRES - Bigorre in Hell<\/title>\n<meta name=\"description\" content=\"Vous trouverez ici la liste de tous les partenaires de Bigorre In Hell\" \/>\n<meta name=\"robots\" content=\"index, follow, max-snippet:-1, max-image-preview:large, max-video-preview:-1\" \/>\n<link rel=\"canonical\" href=\"https:\/\/www.bigorreinhell.fr\/?page_id=485\" \/>\n<meta property=\"og:locale\" content=\"fr_FR\" \/>\n<meta property=\"og:type\" content=\"article\" \/>\n<meta property=\"og:title\" content=\"PARTENAIRES - Bigorre in Hell\" \/>\n<meta property=\"og:description\" content=\"Vous trouverez ici la liste de tous les partenaires de Bigorre In Hell\" \/>\n<meta property=\"og:url\" content=\"https:\/\/www.bigorreinhell.fr\/?page_id=485\" \/>\n<meta property=\"og:site_name\" content=\"Bigorre in Hell\" \/>\n<meta property=\"article:modified_time\" content=\"2021-11-25T07:13:07+00:00\" \/>\n<meta property=\"og:image\" content=\"https:\/\/www.bigorreinhell.fr\/wp\/wp-content\/uploads\/2021\/09\/Logo-Litha-Films-1024x703.png\" \/>\n<meta name=\"twitter:card\" content=\"summary_large_image\" \/>\n<meta name=\"twitter:label1\" content=\"Dur\u00e9e de lecture estim\u00e9e\" \/>\n\t<meta name=\"twitter:data1\" content=\"2 minutes\" \/>\n<script type=\"application\/ld+json\" class=\"yoast-schema-graph\">{\"@context\":\"https:\\\/\\\/schema.org\",\"@graph\":[{\"@type\":\"WebPage\",\"@id\":\"https:\\\/\\\/www.bigorreinhell.fr\\\/?page_id=485\",\"url\":\"https:\\\/\\\/www.bigorreinhell.fr\\\/?page_id=485\",\"name\":\"PARTENAIRES - Bigorre in Hell\",\"isPartOf\":{\"@id\":\"https:\\\/\\\/www.bigorreinhell.fr\\\/#website\"},\"primaryImageOfPage\":{\"@id\":\"https:\\\/\\\/www.bigorreinhell.fr\\\/?page_id=485#primaryimage\"},\"image\":{\"@id\":\"https:\\\/\\\/www.bigorreinhell.fr\\\/?page_id=485#primaryimage\"},\"thumbnailUrl\":\"https:\\\/\\\/www.bigorreinhell.fr\\\/wp\\\/wp-content\\\/uploads\\\/2021\\\/09\\\/Logo-Litha-Films-1024x703.png\",\"datePublished\":\"2021-08-04T10:57:26+00:00\",\"dateModified\":\"2021-11-25T07:13:07+00:00\",\"description\":\"Vous trouverez ici la liste de tous les partenaires de Bigorre In Hell\",\"breadcrumb\":{\"@id\":\"https:\\\/\\\/www.bigorreinhell.fr\\\/?page_id=485#breadcrumb\"},\"inLanguage\":\"fr-FR\",\"potentialAction\":[{\"@type\":\"ReadAction\",\"target\":[\"https:\\\/\\\/www.bigorreinhell.fr\\\/?page_id=485\"]}]},{\"@type\":\"ImageObject\",\"inLanguage\":\"fr-FR\",\"@id\":\"https:\\\/\\\/www.bigorreinhell.fr\\\/?page_id=485#primaryimage\",\"url\":\"https:\\\/\\\/i0.wp.com\\\/www.bigorreinhell.fr\\\/wp\\\/wp-content\\\/uploads\\\/2021\\\/09\\\/Logo-Litha-Films.png?fit=1132%2C777&ssl=1\",\"contentUrl\":\"https:\\\/\\\/i0.wp.com\\\/www.bigorreinhell.fr\\\/wp\\\/wp-content\\\/uploads\\\/2021\\\/09\\\/Logo-Litha-Films.png?fit=1132%2C777&ssl=1\",\"width\":1132,\"height\":777},{\"@type\":\"BreadcrumbList\",\"@id\":\"https:\\\/\\\/www.bigorreinhell.fr\\\/?page_id=485#breadcrumb\",\"itemListElement\":[{\"@type\":\"ListItem\",\"position\":1,\"name\":\"Accueil\",\"item\":\"https:\\\/\\\/www.bigorreinhell.fr\\\/\"},{\"@type\":\"ListItem\",\"position\":2,\"name\":\"PARTENAIRES\"}]},{\"@type\":\"WebSite\",\"@id\":\"https:\\\/\\\/www.bigorreinhell.fr\\\/#website\",\"url\":\"https:\\\/\\\/www.bigorreinhell.fr\\\/\",\"name\":\"Bigorre in Hell\",\"description\":\"Programmation et diffusion de metal fran\u00e7ais\",\"potentialAction\":[{\"@type\":\"SearchAction\",\"target\":{\"@type\":\"EntryPoint\",\"urlTemplate\":\"https:\\\/\\\/www.bigorreinhell.fr\\\/?s={search_term_string}\"},\"query-input\":{\"@type\":\"PropertyValueSpecification\",\"valueRequired\":true,\"valueName\":\"search_term_string\"}}],\"inLanguage\":\"fr-FR\"}]}<\/script>\n<!-- \/ Yoast SEO plugin. -->","yoast_head_json":{"title":"PARTENAIRES - Bigorre in Hell","description":"Vous trouverez ici la liste de tous les partenaires de Bigorre In Hell","robots":{"index":"index","follow":"follow","max-snippet":"max-snippet:-1","max-image-preview":"max-image-preview:large","max-video-preview":"max-video-preview:-1"},"canonical":"https:\/\/www.bigorreinhell.fr\/?page_id=485","og_locale":"fr_FR","og_type":"article","og_title":"PARTENAIRES - Bigorre in Hell","og_description":"Vous trouverez ici la liste de tous les partenaires de Bigorre In Hell","og_url":"https:\/\/www.bigorreinhell.fr\/?page_id=485","og_site_name":"Bigorre in Hell","article_modified_time":"2021-11-25T07:13:07+00:00","og_image":[{"url":"https:\/\/www.bigorreinhell.fr\/wp\/wp-content\/uploads\/2021\/09\/Logo-Litha-Films-1024x703.png","type":"","width":"","height":""}],"twitter_card":"summary_large_image","twitter_misc":{"Dur\u00e9e de lecture estim\u00e9e":"2 minutes"},"schema":{"@context":"https:\/\/schema.org","@graph":[{"@type":"WebPage","@id":"https:\/\/www.bigorreinhell.fr\/?page_id=485","url":"https:\/\/www.bigorreinhell.fr\/?page_id=485","name":"PARTENAIRES - Bigorre in Hell","isPartOf":{"@id":"https:\/\/www.bigorreinhell.fr\/#website"},"primaryImageOfPage":{"@id":"https:\/\/www.bigorreinhell.fr\/?page_id=485#primaryimage"},"image":{"@id":"https:\/\/www.bigorreinhell.fr\/?page_id=485#primaryimage"},"thumbnailUrl":"https:\/\/www.bigorreinhell.fr\/wp\/wp-content\/uploads\/2021\/09\/Logo-Litha-Films-1024x703.png","datePublished":"2021-08-04T10:57:26+00:00","dateModified":"2021-11-25T07:13:07+00:00","description":"Vous trouverez ici la liste de tous les partenaires de Bigorre In Hell","breadcrumb":{"@id":"https:\/\/www.bigorreinhell.fr\/?page_id=485#breadcrumb"},"inLanguage":"fr-FR","potentialAction":[{"@type":"ReadAction","target":["https:\/\/www.bigorreinhell.fr\/?page_id=485"]}]},{"@type":"ImageObject","inLanguage":"fr-FR","@id":"https:\/\/www.bigorreinhell.fr\/?page_id=485#primaryimage","url":"https:\/\/i0.wp.com\/www.bigorreinhell.fr\/wp\/wp-content\/uploads\/2021\/09\/Logo-Litha-Films.png?fit=1132%2C777&ssl=1","contentUrl":"https:\/\/i0.wp.com\/www.bigorreinhell.fr\/wp\/wp-content\/uploads\/2021\/09\/Logo-Litha-Films.png?fit=1132%2C777&ssl=1","width":1132,"height":777},{"@type":"BreadcrumbList","@id":"https:\/\/www.bigorreinhell.fr\/?page_id=485#breadcrumb","itemListElement":[{"@type":"ListItem","position":1,"name":"Accueil","item":"https:\/\/www.bigorreinhell.fr\/"},{"@type":"ListItem","position":2,"name":"PARTENAIRES"}]},{"@type":"WebSite","@id":"https:\/\/www.bigorreinhell.fr\/#website","url":"https:\/\/www.bigorreinhell.fr\/","name":"Bigorre in Hell","description":"Programmation et diffusion de metal fran\u00e7ais","potentialAction":[{"@type":"SearchAction","target":{"@type":"EntryPoint","urlTemplate":"https:\/\/www.bigorreinhell.fr\/?s={search_term_string}"},"query-input":{"@type":"PropertyValueSpecification","valueRequired":true,"valueName":"search_term_string"}}],"inLanguage":"fr-FR"}]}},"jetpack_sharing_enabled":true,"_links":{"self":[{"href":"https:\/\/www.bigorreinhell.fr\/index.php?rest_route=\/wp\/v2\/pages\/485","targetHints":{"allow":["GET"]}}],"collection":[{"href":"https:\/\/www.bigorreinhell.fr\/index.php?rest_route=\/wp\/v2\/pages"}],"about":[{"href":"https:\/\/www.bigorreinhell.fr\/index.php?rest_route=\/wp\/v2\/types\/page"}],"author":[{"embeddable":true,"href":"https:\/\/www.bigorreinhell.fr\/index.php?rest_route=\/wp\/v2\/users\/1"}],"replies":[{"embeddable":true,"href":"https:\/\/www.bigorreinhell.fr\/index.php?rest_route=%2Fwp%2Fv2%2Fcomments&post=485"}],"version-history":[{"count":7,"href":"https:\/\/www.bigorreinhell.fr\/index.php?rest_route=\/wp\/v2\/pages\/485\/revisions"}],"predecessor-version":[{"id":902,"href":"https:\/\/www.bigorreinhell.fr\/index.php?rest_route=\/wp\/v2\/pages\/485\/revisions\/902"}],"wp:attachment":[{"href":"https:\/\/www.bigorreinhell.fr\/index.php?rest_route=%2Fwp%2Fv2%2Fmedia&parent=485"}],"curies":[{"name":"wp","href":"https:\/\/api.w.org\/{rel}","templated":true}]}}