{"id":52,"date":"2021-06-08T15:25:38","date_gmt":"2021-06-08T15:25:38","guid":{"rendered":"https:\/\/www.bigorreinhell.fr\/?page_id=52"},"modified":"2023-06-22T12:21:36","modified_gmt":"2023-06-22T12:21:36","slug":"bigorre-in-hell","status":"publish","type":"page","link":"https:\/\/www.bigorreinhell.fr\/","title":{"rendered":"Mais o\u00f9 je suis l\u00e0?"},"content":{"rendered":"\n<h2 class=\"wp-block-heading\">Bienvenue dans l&rsquo;antre de Bigorre in Hell<\/h2>\n\n\n\n<p>En terre du sud, entre plaines verdoyantes et hautes montagnes, existe une contr\u00e9e appel\u00e9e la Bigorre. De l\u00e0 est apparue une communaut\u00e9 d&rsquo;assoiff\u00e9s de musique extr\u00eame. Sous l&rsquo;\u00e9tendard Bigorre in Hell, ils vouent un culte au Metal et Rock Fran\u00e7ais. Leur objectif est simple : les promouvoir et les diffuser dans toutes leurs formes. Pour ce faire, ils proposeront de rassembler toutes les troupes lors d&rsquo;un festival et d&rsquo;\u00e9v\u00e9nements qui leurs seront enti\u00e8rement d\u00e9di\u00e9s.<\/p>\n\n\n\n<div class=\"wp-block-buttons is-horizontal is-content-justification-center is-layout-flex wp-container-core-buttons-is-layout-499968f5 wp-block-buttons-is-layout-flex\">\n<div class=\"wp-block-button\"><a class=\"wp-block-button__link wp-element-button\" href=\"https:\/\/www.bigorreinhell.fr\/?page_id=6\">En savoir plus sur l&rsquo;association<\/a><\/div>\n<\/div>\n\n\n\n<div style=\"height:47px\" aria-hidden=\"true\" class=\"wp-block-spacer\"><\/div>\n\n\n<div class=\"wp-block-image is-style-default\">\n<figure class=\"aligncenter size-full is-resized\"><img data-recalc-dims=\"1\" loading=\"lazy\" decoding=\"async\" src=\"https:\/\/i0.wp.com\/www.bigorreinhell.fr\/wp\/wp-content\/uploads\/2021\/06\/Bigorre-In-Hell-avec-flammes-GIF.gif?resize=640%2C360&#038;ssl=1\" alt=\"\" class=\"wp-image-189\" width=\"640\" height=\"360\"\/><\/figure>\n<\/div>\n\n\n<hr class=\"wp-block-separator has-text-color has-black-color has-css-opacity has-black-background-color has-background is-style-wide\"\/>\n\n\n\n<div class=\"os-poll-wrapper\" data-type=\"poll\" data-image-url=\"https:\/\/opinionstage-res.cloudinary.com\/image\/upload\/c_fill,f_auto,fl_lossy,g_face,h_190,q_auto:good,w_292\/v1\/polls\/v6mvwlgd6roqatpwcqzt\" data-title-url=\"Et toi ? T'es plut\u00f4t ...\" data-view-url=\"https:\/\/www.opinionstage.com\/johan15\/et-toi-t-es-plut%C3%B4t\" data-statistics-url=\"https:\/\/www.opinionstage.com\/dashboard\/polls\/864980\/report\" data-edit-url=\"https:\/\/www.opinionstage.com\/dashboard\/polls\/864980\/edit\" data-test-url=\"\/johan15\/et-toi-t-es-plut%C3%B4t\" data-lock-embed=\"true\" data-button-text=\"Change\" class=\"wp-block-opinion-stage-block-os-poll\"><div data-opinionstage-embed-url=\"https:\/\/www.opinionstage.com\/api\/v1\/widgets\/johan15\/et-toi-t-es-plut%C3%B4t\/code.json?width=\" style=\"display: none; visibility: hidden;\"><\/div><span><\/span><\/div>\n","protected":false},"excerpt":{"rendered":"<p>Bienvenue dans l&rsquo;antre de Bigorre in Hell En terre du sud, entre plaines verdoyantes et hautes montagnes, existe une contr\u00e9e appel\u00e9e la Bigorre. De l\u00e0 est apparue une communaut\u00e9 d&rsquo;assoiff\u00e9s de musique extr\u00eame. Sous l&rsquo;\u00e9tendard Bigorre in Hell, ils vouent&hellip; <a href=\"https:\/\/www.bigorreinhell.fr\/\" class=\"more-link\">Continuer la lecture <span class=\"meta-nav\">&rarr;<\/span><\/a><\/p>\n","protected":false},"author":1,"featured_media":0,"parent":0,"menu_order":0,"comment_status":"closed","ping_status":"closed","template":"","meta":{"footnotes":""},"class_list":["post-52","page","type-page","status-publish","hentry"],"yoast_head":"<!-- This site is optimized with the Yoast SEO plugin v27.4 - https:\/\/yoast.com\/product\/yoast-seo-wordpress\/ -->\n<title>Diffusion et programmation de rock et metal fran\u00e7ais - Bigorre in Hell<\/title>\n<meta name=\"description\" content=\"M\u00e9tal et Rock Fran\u00e7ais. L&#039;objectif est simple : les promouvoir et les diffuser dans toutes leurs formes - Bigorre in Hell\" \/>\n<meta name=\"robots\" content=\"index, follow, max-snippet:-1, max-image-preview:large, max-video-preview:-1\" \/>\n<link rel=\"canonical\" href=\"https:\/\/www.bigorreinhell.fr\/\" \/>\n<meta property=\"og:locale\" content=\"fr_FR\" \/>\n<meta property=\"og:type\" content=\"article\" \/>\n<meta property=\"og:title\" content=\"Diffusion et programmation de rock et metal fran\u00e7ais - Bigorre in Hell\" \/>\n<meta property=\"og:description\" content=\"M\u00e9tal et Rock Fran\u00e7ais. L&#039;objectif est simple : les promouvoir et les diffuser dans toutes leurs formes - Bigorre in Hell\" \/>\n<meta property=\"og:url\" content=\"https:\/\/www.bigorreinhell.fr\/\" \/>\n<meta property=\"og:site_name\" content=\"Bigorre in Hell\" \/>\n<meta property=\"article:modified_time\" content=\"2023-06-22T12:21:36+00:00\" \/>\n<meta property=\"og:image\" content=\"https:\/\/www.bigorreinhell.fr\/wp\/wp-content\/uploads\/2021\/06\/Bigorre-In-Hell-avec-flammes-GIF.gif\" \/>\n<meta name=\"twitter:card\" content=\"summary_large_image\" \/>\n<meta name=\"twitter:label1\" content=\"Dur\u00e9e de lecture estim\u00e9e\" \/>\n\t<meta name=\"twitter:data1\" content=\"1 minute\" \/>\n<script type=\"application\/ld+json\" class=\"yoast-schema-graph\">{\"@context\":\"https:\\\/\\\/schema.org\",\"@graph\":[{\"@type\":\"WebPage\",\"@id\":\"https:\\\/\\\/www.bigorreinhell.fr\\\/\",\"url\":\"https:\\\/\\\/www.bigorreinhell.fr\\\/\",\"name\":\"Diffusion et programmation de rock et metal fran\u00e7ais - Bigorre in Hell\",\"isPartOf\":{\"@id\":\"https:\\\/\\\/www.bigorreinhell.fr\\\/#website\"},\"primaryImageOfPage\":{\"@id\":\"https:\\\/\\\/www.bigorreinhell.fr\\\/#primaryimage\"},\"image\":{\"@id\":\"https:\\\/\\\/www.bigorreinhell.fr\\\/#primaryimage\"},\"thumbnailUrl\":\"https:\\\/\\\/www.bigorreinhell.fr\\\/wp\\\/wp-content\\\/uploads\\\/2021\\\/06\\\/Bigorre-In-Hell-avec-flammes-GIF.gif\",\"datePublished\":\"2021-06-08T15:25:38+00:00\",\"dateModified\":\"2023-06-22T12:21:36+00:00\",\"description\":\"M\u00e9tal et Rock Fran\u00e7ais. L'objectif est simple : les promouvoir et les diffuser dans toutes leurs formes - Bigorre in Hell\",\"breadcrumb\":{\"@id\":\"https:\\\/\\\/www.bigorreinhell.fr\\\/#breadcrumb\"},\"inLanguage\":\"fr-FR\",\"potentialAction\":[{\"@type\":\"ReadAction\",\"target\":[\"https:\\\/\\\/www.bigorreinhell.fr\\\/\"]}]},{\"@type\":\"ImageObject\",\"inLanguage\":\"fr-FR\",\"@id\":\"https:\\\/\\\/www.bigorreinhell.fr\\\/#primaryimage\",\"url\":\"https:\\\/\\\/i0.wp.com\\\/www.bigorreinhell.fr\\\/wp\\\/wp-content\\\/uploads\\\/2021\\\/06\\\/Bigorre-In-Hell-avec-flammes-GIF.gif?fit=544%2C306&ssl=1\",\"contentUrl\":\"https:\\\/\\\/i0.wp.com\\\/www.bigorreinhell.fr\\\/wp\\\/wp-content\\\/uploads\\\/2021\\\/06\\\/Bigorre-In-Hell-avec-flammes-GIF.gif?fit=544%2C306&ssl=1\",\"width\":544,\"height\":306},{\"@type\":\"BreadcrumbList\",\"@id\":\"https:\\\/\\\/www.bigorreinhell.fr\\\/#breadcrumb\",\"itemListElement\":[{\"@type\":\"ListItem\",\"position\":1,\"name\":\"Accueil\",\"item\":\"https:\\\/\\\/www.bigorreinhell.fr\\\/\"},{\"@type\":\"ListItem\",\"position\":2,\"name\":\"Mais o\u00f9 je suis l\u00e0?\"}]},{\"@type\":\"WebSite\",\"@id\":\"https:\\\/\\\/www.bigorreinhell.fr\\\/#website\",\"url\":\"https:\\\/\\\/www.bigorreinhell.fr\\\/\",\"name\":\"Bigorre in Hell\",\"description\":\"Programmation et diffusion de metal fran\u00e7ais\",\"potentialAction\":[{\"@type\":\"SearchAction\",\"target\":{\"@type\":\"EntryPoint\",\"urlTemplate\":\"https:\\\/\\\/www.bigorreinhell.fr\\\/?s={search_term_string}\"},\"query-input\":{\"@type\":\"PropertyValueSpecification\",\"valueRequired\":true,\"valueName\":\"search_term_string\"}}],\"inLanguage\":\"fr-FR\"}]}<\/script>\n<!-- \/ Yoast SEO plugin. -->","yoast_head_json":{"title":"Diffusion et programmation de rock et metal fran\u00e7ais - Bigorre in Hell","description":"M\u00e9tal et Rock Fran\u00e7ais. L'objectif est simple : les promouvoir et les diffuser dans toutes leurs formes - Bigorre in Hell","robots":{"index":"index","follow":"follow","max-snippet":"max-snippet:-1","max-image-preview":"max-image-preview:large","max-video-preview":"max-video-preview:-1"},"canonical":"https:\/\/www.bigorreinhell.fr\/","og_locale":"fr_FR","og_type":"article","og_title":"Diffusion et programmation de rock et metal fran\u00e7ais - Bigorre in Hell","og_description":"M\u00e9tal et Rock Fran\u00e7ais. L'objectif est simple : les promouvoir et les diffuser dans toutes leurs formes - Bigorre in Hell","og_url":"https:\/\/www.bigorreinhell.fr\/","og_site_name":"Bigorre in Hell","article_modified_time":"2023-06-22T12:21:36+00:00","og_image":[{"url":"https:\/\/www.bigorreinhell.fr\/wp\/wp-content\/uploads\/2021\/06\/Bigorre-In-Hell-avec-flammes-GIF.gif","type":"","width":"","height":""}],"twitter_card":"summary_large_image","twitter_misc":{"Dur\u00e9e de lecture estim\u00e9e":"1 minute"},"schema":{"@context":"https:\/\/schema.org","@graph":[{"@type":"WebPage","@id":"https:\/\/www.bigorreinhell.fr\/","url":"https:\/\/www.bigorreinhell.fr\/","name":"Diffusion et programmation de rock et metal fran\u00e7ais - Bigorre in Hell","isPartOf":{"@id":"https:\/\/www.bigorreinhell.fr\/#website"},"primaryImageOfPage":{"@id":"https:\/\/www.bigorreinhell.fr\/#primaryimage"},"image":{"@id":"https:\/\/www.bigorreinhell.fr\/#primaryimage"},"thumbnailUrl":"https:\/\/www.bigorreinhell.fr\/wp\/wp-content\/uploads\/2021\/06\/Bigorre-In-Hell-avec-flammes-GIF.gif","datePublished":"2021-06-08T15:25:38+00:00","dateModified":"2023-06-22T12:21:36+00:00","description":"M\u00e9tal et Rock Fran\u00e7ais. L'objectif est simple : les promouvoir et les diffuser dans toutes leurs formes - Bigorre in Hell","breadcrumb":{"@id":"https:\/\/www.bigorreinhell.fr\/#breadcrumb"},"inLanguage":"fr-FR","potentialAction":[{"@type":"ReadAction","target":["https:\/\/www.bigorreinhell.fr\/"]}]},{"@type":"ImageObject","inLanguage":"fr-FR","@id":"https:\/\/www.bigorreinhell.fr\/#primaryimage","url":"https:\/\/i0.wp.com\/www.bigorreinhell.fr\/wp\/wp-content\/uploads\/2021\/06\/Bigorre-In-Hell-avec-flammes-GIF.gif?fit=544%2C306&ssl=1","contentUrl":"https:\/\/i0.wp.com\/www.bigorreinhell.fr\/wp\/wp-content\/uploads\/2021\/06\/Bigorre-In-Hell-avec-flammes-GIF.gif?fit=544%2C306&ssl=1","width":544,"height":306},{"@type":"BreadcrumbList","@id":"https:\/\/www.bigorreinhell.fr\/#breadcrumb","itemListElement":[{"@type":"ListItem","position":1,"name":"Accueil","item":"https:\/\/www.bigorreinhell.fr\/"},{"@type":"ListItem","position":2,"name":"Mais o\u00f9 je suis l\u00e0?"}]},{"@type":"WebSite","@id":"https:\/\/www.bigorreinhell.fr\/#website","url":"https:\/\/www.bigorreinhell.fr\/","name":"Bigorre in Hell","description":"Programmation et diffusion de metal fran\u00e7ais","potentialAction":[{"@type":"SearchAction","target":{"@type":"EntryPoint","urlTemplate":"https:\/\/www.bigorreinhell.fr\/?s={search_term_string}"},"query-input":{"@type":"PropertyValueSpecification","valueRequired":true,"valueName":"search_term_string"}}],"inLanguage":"fr-FR"}]}},"jetpack_sharing_enabled":true,"_links":{"self":[{"href":"https:\/\/www.bigorreinhell.fr\/index.php?rest_route=\/wp\/v2\/pages\/52","targetHints":{"allow":["GET"]}}],"collection":[{"href":"https:\/\/www.bigorreinhell.fr\/index.php?rest_route=\/wp\/v2\/pages"}],"about":[{"href":"https:\/\/www.bigorreinhell.fr\/index.php?rest_route=\/wp\/v2\/types\/page"}],"author":[{"embeddable":true,"href":"https:\/\/www.bigorreinhell.fr\/index.php?rest_route=\/wp\/v2\/users\/1"}],"replies":[{"embeddable":true,"href":"https:\/\/www.bigorreinhell.fr\/index.php?rest_route=%2Fwp%2Fv2%2Fcomments&post=52"}],"version-history":[{"count":25,"href":"https:\/\/www.bigorreinhell.fr\/index.php?rest_route=\/wp\/v2\/pages\/52\/revisions"}],"predecessor-version":[{"id":973,"href":"https:\/\/www.bigorreinhell.fr\/index.php?rest_route=\/wp\/v2\/pages\/52\/revisions\/973"}],"wp:attachment":[{"href":"https:\/\/www.bigorreinhell.fr\/index.php?rest_route=%2Fwp%2Fv2%2Fmedia&parent=52"}],"curies":[{"name":"wp","href":"https:\/\/api.w.org\/{rel}","templated":true}]}}