{"id":6,"date":"2021-06-08T10:09:49","date_gmt":"2021-06-08T10:09:49","guid":{"rendered":"https:\/\/www.bigorreinhell.fr\/?page_id=6"},"modified":"2023-11-04T13:02:56","modified_gmt":"2023-11-04T13:02:56","slug":"cest-quoi-bigorre-in-hell","status":"publish","type":"page","link":"https:\/\/www.bigorreinhell.fr\/?page_id=6","title":{"rendered":"l&rsquo;Association"},"content":{"rendered":"\n<h2 class=\"wp-block-heading\"><strong>NOS OBJECTIFS<\/strong><\/h2>\n\n\n\n<p>Bigorre in Hell sera centr\u00e9 autour de 4 objectifs bien d\u00e9finis :<\/p>\n\n\n\n<h3 class=\"wp-block-heading\">Faire d\u00e9couvrir le metal fran\u00e7ais<\/h3>\n\n\n\n<p>Cet objectif se traduit par la mise en avant des groupes de metal fran\u00e7ais recens\u00e9s. Pour ce faire, l\u2019\u00e9quipe du Bigorre in Hell souhaite programmer ces groupes sur les diff\u00e9rents \u00e9v\u00e9nements \u00e0 venir. Mettre en avant le metal fran\u00e7ais sera un des objectifs principaux dans la communication de l\u2019association.<\/p>\n\n\n\n<h3 class=\"wp-block-heading\">Faire participer les associations locales<\/h3>\n\n\n\n<p>L\u2019entraide est une valeur fondamentale pour l\u2019association. Il sera donc important de faire participer les associations locales dans le projet.<\/p>\n\n\n\n<h3 class=\"wp-block-heading\">Faire vivre la culture dans le d\u00e9partement<\/h3>\n\n\n\n<p>Comme en t\u00e9moigne le nom \u00ab&nbsp;Bigorre In Hell&nbsp;\u00bb, les diff\u00e9rents projets seront centralis\u00e9s en Bigorre, dans le d\u00e9partement des Hautes Pyr\u00e9n\u00e9es. La participation de l\u2019association aux \u00e9v\u00e9nements culturels du 65 est fortement envisag\u00e9e par nos membres.<\/p>\n\n\n\n<h3 class=\"wp-block-heading\">Cr\u00e9er des \u00e9v\u00e9nements culturels<\/h3>\n\n\n\n<p>L&rsquo;association s\u2019engage \u00e0 produire un festival courant 2022. La mise en place de concerts est \u00e9galement \u00e0 l\u2019ordre du jour avec une premi\u00e8re sc\u00e8ne dans l\u2019\u00e9t\u00e9 2021.<\/p>\n\n\n\n<h2 class=\"wp-block-heading\">L&rsquo;\u00e9quipe du Bigorre in Hell !<\/h2>\n\n\n\n<p><\/p>\n\n\n\n<p><\/p>\n\n\n\n<div class=\"wp-block-buttons is-horizontal is-content-justification-center is-layout-flex wp-container-core-buttons-is-layout-499968f5 wp-block-buttons-is-layout-flex\">\n<div class=\"wp-block-button is-style-fill\"><a class=\"wp-block-button__link wp-element-button\" href=\"https:\/\/www.bigorreinhell.fr\/?page_id=26\">Envie de participer au projet ?<\/a><\/div>\n<\/div>\n\n\n\n<p><\/p>\n\n\n\n<p><\/p>\n\n\n\n<h2 class=\"wp-block-heading\"><strong>UN PEU D&rsquo;HISTOIRE<\/strong><\/h2>\n\n\n\n<p>Cette histoire commen\u00e7a en l&rsquo;an de gr\u00e2ce 2020, dans un groupe Facebook cr\u00e9\u00e9 par notre ami <em>Gilles Letertre<\/em>. Son id\u00e9e \u00e9tait de permettre aux fans de <strong>Metal et de Rock des Hautes-Pyr\u00e9n\u00e9es<\/strong> de centraliser les informations concernant les \u00e9v\u00e8nements autour de ces styles musicaux qui ont lieu sur le sol bigourdan et alentours. Faire d\u00e9couvrir des groupes est aussi l&rsquo;utilit\u00e9 de ce groupe. <em>Gilles <\/em>le nomma : <strong><em>Bigorre In Hell<\/em><\/strong>. Il n&rsquo;avait pas imagin\u00e9 sur quoi aboutira ce nom qui r\u00e9sonna tout de suite tr\u00e8s bien dans nos t\u00eates.<\/p>\n\n\n\n<h3 class=\"wp-block-heading\">Une bouteille \u00e0 la mer<\/h3>\n\n\n\n<p>En effet, il a fallut une seule intervention d&rsquo;un inconnu pour <em>Gilles<\/em>. Ce gars s&rsquo;est retrouv\u00e9 sur cet espace de metaleux gr\u00e2ce \u00e0 des connaissances surtout li\u00e9es au milieu de la musique traditionnelle gasconne. Premier \u00e9l\u00e9ment en commun entre ces deux l\u00e0! C&rsquo;est <em>C\u00e9dric Sabath\u00e9<\/em> qui lan\u00e7a sa bouteille \u00e0 la mer sur&nbsp;le groupe <em>Bigorre In Hell<\/em> et c&rsquo;est ce qui d\u00e9clencha tout. Son id\u00e9e : rassembler un bande de furieux et se proposer pour organiser un projet ambitieux. Organisateur du festival <em><strong>Lou Rock In Cast\u00e9ra-Lou<\/strong><\/em> lanc\u00e9 en 2006, et qui s&rsquo;est renouvel\u00e9 seulement une fois l&rsquo;ann\u00e9e suivante, son d\u00e9sir de cr\u00e9er un vrai festival de passionn\u00e9s de musiques extr\u00eames dans le 65 bouillonnait en lui. Il n&rsquo;imaginait pas non plus l&rsquo;engouement que cela entrainerait et tr\u00e8s vite, un certain nombre de personnes se manifesta, toutes plus motiv\u00e9es les unes que les autres, et chacune avec des comp\u00e9tences largement utiles pour bien d\u00e9marrer ce type de projet.<\/p>\n\n\n<div class=\"wp-block-image\">\n<figure class=\"aligncenter size-large\"><img data-recalc-dims=\"1\" loading=\"lazy\" decoding=\"async\" width=\"499\" height=\"751\" src=\"https:\/\/i0.wp.com\/www.bigorreinhell.fr\/wp\/wp-content\/uploads\/2021\/06\/Capture.png?resize=499%2C751&#038;ssl=1\" alt=\"Post Facebook du pr\u00e9sident de l'association Bigorre in Hell, C\u00e9dric Sabath\u00e9\" class=\"wp-image-200\" srcset=\"https:\/\/i0.wp.com\/www.bigorreinhell.fr\/wp\/wp-content\/uploads\/2021\/06\/Capture.png?w=499&amp;ssl=1 499w, https:\/\/i0.wp.com\/www.bigorreinhell.fr\/wp\/wp-content\/uploads\/2021\/06\/Capture.png?resize=199%2C300&amp;ssl=1 199w\" sizes=\"auto, (max-width: 499px) 100vw, 499px\" \/><\/figure>\n<\/div>\n\n\n<p>Septembre 2020, C\u00e9dric proposa au groupe qui se r\u00e9v\u00e9la au fil des discussions de se r\u00e9unir physiquement, bravant les interdictions ambiantes. L&rsquo;alchimie f\u00fbt incroyable (on en aurait chial\u00e9 putain!), une \u00e9nergie s&rsquo;est d\u00e9gag\u00e9e de ce rendez-vous, nous avions tr\u00e8s vite compris que nous ferions aboutir quelque chose. Notre festival s&rsquo;appellera forc\u00e9ment <em><strong>Bigorre In Hell<\/strong><\/em>! Et <em>C\u00e9dric <\/em>proposa \u00e0 <em>Gilles <\/em>de codiriger le projet.<\/p>\n\n\n\n<p>Apr\u00e8s plusieurs autres rassemblements pour d\u00e9finir les termes, les objectifs en fonction de nos r\u00eaves et des attentes du public, nous avons cr\u00e9\u00e9 en mai 2020 l&rsquo;association <strong><em>Bigorre In Hell Production<\/em><\/strong>. Des amiti\u00e9s naquirent et les choses s\u00e9rieuses commenc\u00e8rent \u00e0 partir de l\u00e0 et les enfers furent ouverts en Bigorre pour des si\u00e8cles et des si\u00e8cles!<\/p>\n","protected":false},"excerpt":{"rendered":"<p>NOS OBJECTIFS Bigorre in Hell sera centr\u00e9 autour de 4 objectifs bien d\u00e9finis : Faire d\u00e9couvrir le metal fran\u00e7ais Cet objectif se traduit par la mise en avant des groupes de metal fran\u00e7ais recens\u00e9s. Pour ce faire, l\u2019\u00e9quipe du Bigorre&hellip; <a href=\"https:\/\/www.bigorreinhell.fr\/?page_id=6\" class=\"more-link\">Continuer la lecture <span class=\"meta-nav\">&rarr;<\/span><\/a><\/p>\n","protected":false},"author":1,"featured_media":63,"parent":0,"menu_order":1,"comment_status":"closed","ping_status":"closed","template":"","meta":{"footnotes":""},"class_list":["post-6","page","type-page","status-publish","has-post-thumbnail","hentry"],"yoast_head":"<!-- This site is optimized with the Yoast SEO plugin v27.5 - https:\/\/yoast.com\/product\/yoast-seo-wordpress\/ -->\n<title>Bigorre in Hell - Pr\u00e9sentation de l&#039;association pyr\u00e9n\u00e9enne<\/title>\n<meta name=\"description\" content=\"Pr\u00e9sentation de l&#039;association Bigorre in Hell. Leurs objectifs ? La diffusion et programmation de musique Metal et Rock fran\u00e7ais.\" \/>\n<meta name=\"robots\" content=\"index, follow, max-snippet:-1, max-image-preview:large, max-video-preview:-1\" \/>\n<link rel=\"canonical\" href=\"https:\/\/www.bigorreinhell.fr\/?page_id=6\" \/>\n<meta property=\"og:locale\" content=\"fr_FR\" \/>\n<meta property=\"og:type\" content=\"article\" \/>\n<meta property=\"og:title\" content=\"Bigorre in Hell - Pr\u00e9sentation de l&#039;association pyr\u00e9n\u00e9enne\" \/>\n<meta property=\"og:description\" content=\"Pr\u00e9sentation de l&#039;association Bigorre in Hell. Leurs objectifs ? La diffusion et programmation de musique Metal et Rock fran\u00e7ais.\" \/>\n<meta property=\"og:url\" content=\"https:\/\/www.bigorreinhell.fr\/?page_id=6\" \/>\n<meta property=\"og:site_name\" content=\"Bigorre in Hell\" \/>\n<meta property=\"article:modified_time\" content=\"2023-11-04T13:02:56+00:00\" \/>\n<meta property=\"og:image\" content=\"https:\/\/www.bigorreinhell.fr\/wp\/wp-content\/uploads\/2021\/06\/cropped-Icon.png\" \/>\n\t<meta property=\"og:image:width\" content=\"512\" \/>\n\t<meta property=\"og:image:height\" content=\"512\" \/>\n\t<meta property=\"og:image:type\" content=\"image\/png\" \/>\n<meta name=\"twitter:card\" content=\"summary_large_image\" \/>\n<meta name=\"twitter:label1\" content=\"Dur\u00e9e de lecture estim\u00e9e\" \/>\n\t<meta name=\"twitter:data1\" content=\"4 minutes\" \/>\n<script type=\"application\/ld+json\" class=\"yoast-schema-graph\">{\"@context\":\"https:\\\/\\\/schema.org\",\"@graph\":[{\"@type\":\"WebPage\",\"@id\":\"https:\\\/\\\/www.bigorreinhell.fr\\\/?page_id=6\",\"url\":\"https:\\\/\\\/www.bigorreinhell.fr\\\/?page_id=6\",\"name\":\"Bigorre in Hell - Pr\u00e9sentation de l'association pyr\u00e9n\u00e9enne\",\"isPartOf\":{\"@id\":\"https:\\\/\\\/www.bigorreinhell.fr\\\/#website\"},\"primaryImageOfPage\":{\"@id\":\"https:\\\/\\\/www.bigorreinhell.fr\\\/?page_id=6#primaryimage\"},\"image\":{\"@id\":\"https:\\\/\\\/www.bigorreinhell.fr\\\/?page_id=6#primaryimage\"},\"thumbnailUrl\":\"https:\\\/\\\/i0.wp.com\\\/www.bigorreinhell.fr\\\/wp\\\/wp-content\\\/uploads\\\/2021\\\/06\\\/cropped-Icon.png?fit=512%2C512&ssl=1\",\"datePublished\":\"2021-06-08T10:09:49+00:00\",\"dateModified\":\"2023-11-04T13:02:56+00:00\",\"description\":\"Pr\u00e9sentation de l'association Bigorre in Hell. Leurs objectifs ? La diffusion et programmation de musique Metal et Rock fran\u00e7ais.\",\"breadcrumb\":{\"@id\":\"https:\\\/\\\/www.bigorreinhell.fr\\\/?page_id=6#breadcrumb\"},\"inLanguage\":\"fr-FR\",\"potentialAction\":[{\"@type\":\"ReadAction\",\"target\":[\"https:\\\/\\\/www.bigorreinhell.fr\\\/?page_id=6\"]}]},{\"@type\":\"ImageObject\",\"inLanguage\":\"fr-FR\",\"@id\":\"https:\\\/\\\/www.bigorreinhell.fr\\\/?page_id=6#primaryimage\",\"url\":\"https:\\\/\\\/i0.wp.com\\\/www.bigorreinhell.fr\\\/wp\\\/wp-content\\\/uploads\\\/2021\\\/06\\\/cropped-Icon.png?fit=512%2C512&ssl=1\",\"contentUrl\":\"https:\\\/\\\/i0.wp.com\\\/www.bigorreinhell.fr\\\/wp\\\/wp-content\\\/uploads\\\/2021\\\/06\\\/cropped-Icon.png?fit=512%2C512&ssl=1\",\"width\":512,\"height\":512,\"caption\":\"Bigorre in Hell - Logo\"},{\"@type\":\"BreadcrumbList\",\"@id\":\"https:\\\/\\\/www.bigorreinhell.fr\\\/?page_id=6#breadcrumb\",\"itemListElement\":[{\"@type\":\"ListItem\",\"position\":1,\"name\":\"Accueil\",\"item\":\"https:\\\/\\\/www.bigorreinhell.fr\\\/\"},{\"@type\":\"ListItem\",\"position\":2,\"name\":\"l&rsquo;Association\"}]},{\"@type\":\"WebSite\",\"@id\":\"https:\\\/\\\/www.bigorreinhell.fr\\\/#website\",\"url\":\"https:\\\/\\\/www.bigorreinhell.fr\\\/\",\"name\":\"Bigorre in Hell\",\"description\":\"Programmation et diffusion de metal fran\u00e7ais\",\"potentialAction\":[{\"@type\":\"SearchAction\",\"target\":{\"@type\":\"EntryPoint\",\"urlTemplate\":\"https:\\\/\\\/www.bigorreinhell.fr\\\/?s={search_term_string}\"},\"query-input\":{\"@type\":\"PropertyValueSpecification\",\"valueRequired\":true,\"valueName\":\"search_term_string\"}}],\"inLanguage\":\"fr-FR\"}]}<\/script>\n<!-- \/ Yoast SEO plugin. -->","yoast_head_json":{"title":"Bigorre in Hell - Pr\u00e9sentation de l'association pyr\u00e9n\u00e9enne","description":"Pr\u00e9sentation de l'association Bigorre in Hell. Leurs objectifs ? La diffusion et programmation de musique Metal et Rock fran\u00e7ais.","robots":{"index":"index","follow":"follow","max-snippet":"max-snippet:-1","max-image-preview":"max-image-preview:large","max-video-preview":"max-video-preview:-1"},"canonical":"https:\/\/www.bigorreinhell.fr\/?page_id=6","og_locale":"fr_FR","og_type":"article","og_title":"Bigorre in Hell - Pr\u00e9sentation de l'association pyr\u00e9n\u00e9enne","og_description":"Pr\u00e9sentation de l'association Bigorre in Hell. Leurs objectifs ? La diffusion et programmation de musique Metal et Rock fran\u00e7ais.","og_url":"https:\/\/www.bigorreinhell.fr\/?page_id=6","og_site_name":"Bigorre in Hell","article_modified_time":"2023-11-04T13:02:56+00:00","og_image":[{"width":512,"height":512,"url":"https:\/\/www.bigorreinhell.fr\/wp\/wp-content\/uploads\/2021\/06\/cropped-Icon.png","type":"image\/png"}],"twitter_card":"summary_large_image","twitter_misc":{"Dur\u00e9e de lecture estim\u00e9e":"4 minutes"},"schema":{"@context":"https:\/\/schema.org","@graph":[{"@type":"WebPage","@id":"https:\/\/www.bigorreinhell.fr\/?page_id=6","url":"https:\/\/www.bigorreinhell.fr\/?page_id=6","name":"Bigorre in Hell - Pr\u00e9sentation de l'association pyr\u00e9n\u00e9enne","isPartOf":{"@id":"https:\/\/www.bigorreinhell.fr\/#website"},"primaryImageOfPage":{"@id":"https:\/\/www.bigorreinhell.fr\/?page_id=6#primaryimage"},"image":{"@id":"https:\/\/www.bigorreinhell.fr\/?page_id=6#primaryimage"},"thumbnailUrl":"https:\/\/i0.wp.com\/www.bigorreinhell.fr\/wp\/wp-content\/uploads\/2021\/06\/cropped-Icon.png?fit=512%2C512&ssl=1","datePublished":"2021-06-08T10:09:49+00:00","dateModified":"2023-11-04T13:02:56+00:00","description":"Pr\u00e9sentation de l'association Bigorre in Hell. Leurs objectifs ? La diffusion et programmation de musique Metal et Rock fran\u00e7ais.","breadcrumb":{"@id":"https:\/\/www.bigorreinhell.fr\/?page_id=6#breadcrumb"},"inLanguage":"fr-FR","potentialAction":[{"@type":"ReadAction","target":["https:\/\/www.bigorreinhell.fr\/?page_id=6"]}]},{"@type":"ImageObject","inLanguage":"fr-FR","@id":"https:\/\/www.bigorreinhell.fr\/?page_id=6#primaryimage","url":"https:\/\/i0.wp.com\/www.bigorreinhell.fr\/wp\/wp-content\/uploads\/2021\/06\/cropped-Icon.png?fit=512%2C512&ssl=1","contentUrl":"https:\/\/i0.wp.com\/www.bigorreinhell.fr\/wp\/wp-content\/uploads\/2021\/06\/cropped-Icon.png?fit=512%2C512&ssl=1","width":512,"height":512,"caption":"Bigorre in Hell - Logo"},{"@type":"BreadcrumbList","@id":"https:\/\/www.bigorreinhell.fr\/?page_id=6#breadcrumb","itemListElement":[{"@type":"ListItem","position":1,"name":"Accueil","item":"https:\/\/www.bigorreinhell.fr\/"},{"@type":"ListItem","position":2,"name":"l&rsquo;Association"}]},{"@type":"WebSite","@id":"https:\/\/www.bigorreinhell.fr\/#website","url":"https:\/\/www.bigorreinhell.fr\/","name":"Bigorre in Hell","description":"Programmation et diffusion de metal fran\u00e7ais","potentialAction":[{"@type":"SearchAction","target":{"@type":"EntryPoint","urlTemplate":"https:\/\/www.bigorreinhell.fr\/?s={search_term_string}"},"query-input":{"@type":"PropertyValueSpecification","valueRequired":true,"valueName":"search_term_string"}}],"inLanguage":"fr-FR"}]}},"jetpack_sharing_enabled":true,"_links":{"self":[{"href":"https:\/\/www.bigorreinhell.fr\/index.php?rest_route=\/wp\/v2\/pages\/6","targetHints":{"allow":["GET"]}}],"collection":[{"href":"https:\/\/www.bigorreinhell.fr\/index.php?rest_route=\/wp\/v2\/pages"}],"about":[{"href":"https:\/\/www.bigorreinhell.fr\/index.php?rest_route=\/wp\/v2\/types\/page"}],"author":[{"embeddable":true,"href":"https:\/\/www.bigorreinhell.fr\/index.php?rest_route=\/wp\/v2\/users\/1"}],"replies":[{"embeddable":true,"href":"https:\/\/www.bigorreinhell.fr\/index.php?rest_route=%2Fwp%2Fv2%2Fcomments&post=6"}],"version-history":[{"count":21,"href":"https:\/\/www.bigorreinhell.fr\/index.php?rest_route=\/wp\/v2\/pages\/6\/revisions"}],"predecessor-version":[{"id":1037,"href":"https:\/\/www.bigorreinhell.fr\/index.php?rest_route=\/wp\/v2\/pages\/6\/revisions\/1037"}],"wp:featuredmedia":[{"embeddable":true,"href":"https:\/\/www.bigorreinhell.fr\/index.php?rest_route=\/wp\/v2\/media\/63"}],"wp:attachment":[{"href":"https:\/\/www.bigorreinhell.fr\/index.php?rest_route=%2Fwp%2Fv2%2Fmedia&parent=6"}],"curies":[{"name":"wp","href":"https:\/\/api.w.org\/{rel}","templated":true}]}}